{"id":977,"date":"2018-06-05T10:37:25","date_gmt":"2018-06-05T10:37:25","guid":{"rendered":"https:\/\/websitedemos.net\/museum-02\/?page_id=8"},"modified":"2023-05-12T17:10:08","modified_gmt":"2023-05-12T22:10:08","slug":"contactos","status":"publish","type":"page","link":"https:\/\/festivales.espol.edu.ec\/cineespolfest\/contactos\/","title":{"rendered":"Contactos"},"content":{"rendered":"\t\t<div data-elementor-type=\"wp-post\" data-elementor-id=\"977\" class=\"elementor elementor-977\">\n\t\t\t\t\t\t<section class=\"elementor-section elementor-top-section elementor-element elementor-element-6d13ec9 elementor-section-boxed elementor-section-height-default elementor-section-height-default\" data-id=\"6d13ec9\" data-element_type=\"section\">\n\t\t\t\t\t\t<div class=\"elementor-container elementor-column-gap-default\">\n\t\t\t\t\t<div class=\"elementor-column elementor-col-33 elementor-top-column elementor-element elementor-element-4a37bc5\" data-id=\"4a37bc5\" data-element_type=\"column\">\n\t\t\t<div class=\"elementor-widget-wrap\">\n\t\t\t\t\t\t\t<\/div>\n\t\t<\/div>\n\t\t\t\t<div class=\"elementor-column elementor-col-33 elementor-top-column elementor-element elementor-element-6da5671\" data-id=\"6da5671\" data-element_type=\"column\">\n\t\t\t<div class=\"elementor-widget-wrap elementor-element-populated\">\n\t\t\t\t\t\t<div class=\"elementor-element elementor-element-4f284de elementor-hidden-tablet elementor-hidden-mobile elementor-widget elementor-widget-html\" data-id=\"4f284de\" data-element_type=\"widget\" data-widget_type=\"html.default\">\n\t\t\t\t<div class=\"elementor-widget-container\">\n\t\t\t\t\t<form action=\"mailto:fkoelle@espol.edu.ec\" method=\"post\" enctype=\"text\/plain\">\r\n    <div>\r\n        <label style=\"color: white;font-family: Quicksand; font-size: 16px\"  for=\"name\">Nombre:  <\/label>\r\n        <input type=\"text\" id=\"name\" \/>\r\n    <\/div>\r\n    <div>\r\n        <label style=\"color: white; margin:7px; font-family: Quicksand; font-size: 16px\" for=\"mail\">E-mail:<\/label>\r\n        <input style=\" margin-top: 25px\" type=\"email\" id=\"mail\" \/>\r\n    <\/div>\r\n    \r\n    <div>\r\n        <label style=\" color: white; font-family: Quicksand; font-size: 16px\" for=\"msg\">Mensaje:<\/label>\r\n        <textarea style=\"margin-top: 15px\" id=\"msg\"><\/textarea>\r\n        \r\n    <\/div>\r\n    \r\n    <div>\r\n        <button style=\"background-color: black; color:white; border-color: white;font-family: Quicksand; font-size: 16px; width:100%\" type=\"submit\">Send your message<\/button>\r\n    <\/div>\r\n<\/form>\r\n\r\n\r\n\r\n\r\n\r\n\r\n\r\n\r\n\t\t\t\t<\/div>\n\t\t\t\t<\/div>\n\t\t\t\t\t<\/div>\n\t\t<\/div>\n\t\t\t\t<div class=\"elementor-column elementor-col-33 elementor-top-column elementor-element elementor-element-d26fbfe\" data-id=\"d26fbfe\" data-element_type=\"column\">\n\t\t\t<div class=\"elementor-widget-wrap\">\n\t\t\t\t\t\t\t<\/div>\n\t\t<\/div>\n\t\t\t\t\t<\/div>\n\t\t<\/section>\n\t\t\t\t<section class=\"elementor-section elementor-top-section elementor-element elementor-element-a8c1d5d elementor-hidden-tablet elementor-section-boxed elementor-section-height-default elementor-section-height-default\" data-id=\"a8c1d5d\" data-element_type=\"section\">\n\t\t\t\t\t\t<div class=\"elementor-container elementor-column-gap-default\">\n\t\t\t\t\t<div class=\"elementor-column elementor-col-100 elementor-top-column elementor-element elementor-element-3e896e7\" data-id=\"3e896e7\" data-element_type=\"column\">\n\t\t\t<div class=\"elementor-widget-wrap elementor-element-populated\">\n\t\t\t\t\t\t<div class=\"elementor-element elementor-element-764ab95 elementor-widget-divider--view-line elementor-widget elementor-widget-divider\" data-id=\"764ab95\" data-element_type=\"widget\" data-widget_type=\"divider.default\">\n\t\t\t\t<div class=\"elementor-widget-container\">\n\t\t\t\t\t\t\t<div class=\"elementor-divider\">\n\t\t\t<span class=\"elementor-divider-separator\">\n\t\t\t\t\t\t<\/span>\n\t\t<\/div>\n\t\t\t\t\t\t<\/div>\n\t\t\t\t<\/div>\n\t\t\t\t<section class=\"elementor-section elementor-inner-section elementor-element elementor-element-c1203a5 elementor-section-boxed elementor-section-height-default elementor-section-height-default\" data-id=\"c1203a5\" data-element_type=\"section\">\n\t\t\t\t\t\t<div class=\"elementor-container elementor-column-gap-default\">\n\t\t\t\t\t<div class=\"elementor-column elementor-col-100 elementor-inner-column elementor-element elementor-element-302a7ff\" data-id=\"302a7ff\" data-element_type=\"column\">\n\t\t\t<div class=\"elementor-widget-wrap elementor-element-populated\">\n\t\t\t\t\t\t<div class=\"elementor-element elementor-element-98d55ca elementor-widget elementor-widget-text-editor\" data-id=\"98d55ca\" data-element_type=\"widget\" data-widget_type=\"text-editor.default\">\n\t\t\t\t<div class=\"elementor-widget-container\">\n\t\t\t\t\t\t\t\t\t<p><strong>CONTACTO<\/strong><\/p><p><strong><span style=\"font-size: 16px;\">+593 96 201 2531<\/span><\/strong><\/p><div class=\"page\" title=\"Page 5\"><div class=\"section\"><div class=\"layoutArea\"><div class=\"column\"><p><strong>CORREO<\/strong><\/p><p><strong>cultura@espol.edu.ec<\/strong><\/p><\/div><\/div><\/div><\/div>\t\t\t\t\t\t\t\t<\/div>\n\t\t\t\t<\/div>\n\t\t\t\t\t<\/div>\n\t\t<\/div>\n\t\t\t\t\t<\/div>\n\t\t<\/section>\n\t\t\t\t\t<\/div>\n\t\t<\/div>\n\t\t\t\t\t<\/div>\n\t\t<\/section>\n\t\t\t\t<section class=\"elementor-section elementor-top-section elementor-element elementor-element-a2aafe3 elementor-section-boxed elementor-section-height-default elementor-section-height-default\" data-id=\"a2aafe3\" data-element_type=\"section\">\n\t\t\t\t\t\t<div class=\"elementor-container elementor-column-gap-default\">\n\t\t\t\t\t<div class=\"elementor-column elementor-col-100 elementor-top-column elementor-element elementor-element-0b207d2\" data-id=\"0b207d2\" data-element_type=\"column\">\n\t\t\t<div class=\"elementor-widget-wrap elementor-element-populated\">\n\t\t\t\t\t\t<div class=\"elementor-element elementor-element-5644675 elementor-widget elementor-widget-google_maps\" data-id=\"5644675\" data-element_type=\"widget\" data-widget_type=\"google_maps.default\">\n\t\t\t\t<div class=\"elementor-widget-container\">\n\t\t\t\t\t\t\t<div class=\"elementor-custom-embed\">\n\t\t\t<iframe loading=\"lazy\"\n\t\t\t\t\tsrc=\"https:\/\/maps.google.com\/maps?q=espol%20cultural&#038;t=m&#038;z=10&#038;output=embed&#038;iwloc=near\"\n\t\t\t\t\ttitle=\"espol cultural\"\n\t\t\t\t\taria-label=\"espol cultural\"\n\t\t\t><\/iframe>\n\t\t<\/div>\n\t\t\t\t\t\t<\/div>\n\t\t\t\t<\/div>\n\t\t\t\t\t<\/div>\n\t\t<\/div>\n\t\t\t\t\t<\/div>\n\t\t<\/section>\n\t\t\t\t<section class=\"elementor-section elementor-top-section elementor-element elementor-element-9acbc8c elementor-section-boxed elementor-section-height-default elementor-section-height-default\" data-id=\"9acbc8c\" data-element_type=\"section\">\n\t\t\t\t\t\t<div class=\"elementor-container elementor-column-gap-default\">\n\t\t\t\t\t<div class=\"elementor-column elementor-col-100 elementor-top-column elementor-element elementor-element-aaa1378\" data-id=\"aaa1378\" data-element_type=\"column\">\n\t\t\t<div class=\"elementor-widget-wrap elementor-element-populated\">\n\t\t\t\t\t\t<div class=\"elementor-element elementor-element-0753066 elementor-widget-divider--view-line elementor-widget elementor-widget-divider\" data-id=\"0753066\" data-element_type=\"widget\" data-widget_type=\"divider.default\">\n\t\t\t\t<div class=\"elementor-widget-container\">\n\t\t\t\t\t\t\t<div class=\"elementor-divider\">\n\t\t\t<span class=\"elementor-divider-separator\">\n\t\t\t\t\t\t<\/span>\n\t\t<\/div>\n\t\t\t\t\t\t<\/div>\n\t\t\t\t<\/div>\n\t\t\t\t\t<\/div>\n\t\t<\/div>\n\t\t\t\t\t<\/div>\n\t\t<\/section>\n\t\t\t\t<section class=\"elementor-section elementor-top-section elementor-element elementor-element-5712719 elementor-section-boxed elementor-section-height-default elementor-section-height-default\" data-id=\"5712719\" data-element_type=\"section\">\n\t\t\t\t\t\t<div class=\"elementor-container elementor-column-gap-default\">\n\t\t\t\t\t<div class=\"elementor-column elementor-col-16 elementor-top-column elementor-element elementor-element-eab83b2\" data-id=\"eab83b2\" data-element_type=\"column\">\n\t\t\t<div class=\"elementor-widget-wrap\">\n\t\t\t\t\t\t\t<\/div>\n\t\t<\/div>\n\t\t\t\t<div class=\"elementor-column elementor-col-66 elementor-top-column elementor-element elementor-element-b4a5f6a\" data-id=\"b4a5f6a\" data-element_type=\"column\">\n\t\t\t<div class=\"elementor-widget-wrap elementor-element-populated\">\n\t\t\t\t\t\t<div class=\"elementor-element elementor-element-78aa2ba elementor-widget elementor-widget-text-editor\" data-id=\"78aa2ba\" data-element_type=\"widget\" data-widget_type=\"text-editor.default\">\n\t\t\t\t<div class=\"elementor-widget-container\">\n\t\t\t\t\t\t\t\t\t<p><strong>PRODUCCI\u00d3N<\/strong><\/p><p><strong>Lcda. Alina Narcisa Su\u00e1rez Ja\u00e9n<\/strong><\/p><p><strong>Productora Ejecutiva<\/strong><\/p><p><strong><span style=\"font-size: 15px;\">alisjaen@espol.edu.ec<\/span><\/strong><\/p><p>\u00a0<\/p><p><strong><span style=\"font-size: 15px;\">\u00a0Lcdo. David Alejandro Sellers Cantos<\/span><\/strong><\/p><p><strong>Productor de Sonido<\/strong><\/p><p><strong> daseller@espol.edu.ec<\/strong><\/p><p>\u00a0<\/p><p><strong>Psic. Alexandra Monserrate Arteaga<\/strong><\/p><p><strong> Gonz\u00e1lez<\/strong><\/p><p><strong>Asistente Ejecutiva<\/strong><\/p><p><strong> aarteaga@espol.edu.ec<\/strong><\/p><p>\u00a0<\/p><p><strong>Lcda. Carol Vanessa Villao Martillo<\/strong><\/p><p><strong>Gestora de P\u00fablicos<\/strong><\/p><p><strong> cvillao@espol.edu.ec<\/strong><\/p><p>\u00a0<\/p><p><strong>Lcdo. Walter Guillermo Pe\u00f1a Veloz<\/strong><\/p><p><strong>Gestor de Contenidos Digitales<\/strong><\/p><p><strong>y <\/strong><strong>Multimedia<\/strong><\/p><p><strong> walgupen@espol.edu.ec<\/strong><\/p><p>\u00a0<\/p><p><strong>Lcda. Lilibeth Lorena Gavilanes C\u00f3rdova<\/strong><\/p><p><strong>Gestora de Comunicaci\u00f3n y Cine ESPOL<\/strong><\/p><p><strong>llgavila@espol.edu.ec<\/strong><\/p><p>\u00a0<\/p><p><strong>John Rafael Parrales Castro<\/strong><\/p><p><strong>Auxiliar de Servicios<\/strong><\/p><p><strong> johrparr@espol.edu.ec<\/strong><\/p><p><strong>____________________________________________<\/strong><\/p><p><strong>Mgtr. Blanca Andrea Santos Rodr\u00edguez<\/strong><\/p><p><strong>Directora de Arte y Cultura<\/strong><\/p><p><strong> bsantos@espol.edu.ec<\/strong><\/p>\t\t\t\t\t\t\t\t<\/div>\n\t\t\t\t<\/div>\n\t\t\t\t\t<\/div>\n\t\t<\/div>\n\t\t\t\t<div class=\"elementor-column elementor-col-16 elementor-top-column elementor-element elementor-element-02640a4\" data-id=\"02640a4\" data-element_type=\"column\">\n\t\t\t<div class=\"elementor-widget-wrap elementor-element-populated\">\n\t\t\t\t\t\t\t<\/div>\n\t\t<\/div>\n\t\t\t\t\t<\/div>\n\t\t<\/section>\n\t\t\t\t<section class=\"elementor-section elementor-top-section elementor-element elementor-element-230bb5a elementor-section-boxed elementor-section-height-default elementor-section-height-default\" data-id=\"230bb5a\" data-element_type=\"section\">\n\t\t\t\t\t\t<div class=\"elementor-container elementor-column-gap-default\">\n\t\t\t\t\t<div class=\"elementor-column elementor-col-100 elementor-top-column elementor-element elementor-element-50c7965d\" data-id=\"50c7965d\" data-element_type=\"column\">\n\t\t\t<div class=\"elementor-widget-wrap elementor-element-populated\">\n\t\t\t\t\t\t<div class=\"elementor-element elementor-element-1eaff804 elementor-widget-divider--view-line elementor-widget elementor-widget-divider\" data-id=\"1eaff804\" data-element_type=\"widget\" data-widget_type=\"divider.default\">\n\t\t\t\t<div class=\"elementor-widget-container\">\n\t\t\t\t\t\t\t<div class=\"elementor-divider\">\n\t\t\t<span class=\"elementor-divider-separator\">\n\t\t\t\t\t\t<\/span>\n\t\t<\/div>\n\t\t\t\t\t\t<\/div>\n\t\t\t\t<\/div>\n\t\t\t\t<div class=\"elementor-element elementor-element-6d2e1b0f elementor-shape-rounded elementor-grid-0 e-grid-align-center elementor-widget elementor-widget-social-icons\" data-id=\"6d2e1b0f\" data-element_type=\"widget\" data-widget_type=\"social-icons.default\">\n\t\t\t\t<div class=\"elementor-widget-container\">\n\t\t\t\t\t\t\t<div class=\"elementor-social-icons-wrapper elementor-grid\" role=\"list\">\n\t\t\t\t\t\t\t<span class=\"elementor-grid-item\" role=\"listitem\">\n\t\t\t\t\t<a class=\"elementor-icon elementor-social-icon elementor-social-icon-facebook elementor-repeater-item-8a616e1\" href=\"https:\/\/www.facebook.com\/espolcultural\/\" target=\"_blank\">\n\t\t\t\t\t\t<span class=\"elementor-screen-only\">Facebook<\/span>\n\t\t\t\t\t\t<i aria-hidden=\"true\" class=\"fab fa-facebook\"><\/i>\t\t\t\t\t<\/a>\n\t\t\t\t<\/span>\n\t\t\t\t\t\t\t<span class=\"elementor-grid-item\" role=\"listitem\">\n\t\t\t\t\t<a class=\"elementor-icon elementor-social-icon elementor-social-icon-instagram elementor-repeater-item-23b6714\" href=\"https:\/\/www.instagram.com\/espolcultural\/\" target=\"_blank\">\n\t\t\t\t\t\t<span class=\"elementor-screen-only\">Instagram<\/span>\n\t\t\t\t\t\t<i aria-hidden=\"true\" class=\"fab fa-instagram\"><\/i>\t\t\t\t\t<\/a>\n\t\t\t\t<\/span>\n\t\t\t\t\t\t\t<span class=\"elementor-grid-item\" role=\"listitem\">\n\t\t\t\t\t<a class=\"elementor-icon elementor-social-icon elementor-social-icon-whatsapp elementor-repeater-item-663b248\" href=\"https:\/\/wa.link\/ywe7hb\" target=\"_blank\">\n\t\t\t\t\t\t<span class=\"elementor-screen-only\">Whatsapp<\/span>\n\t\t\t\t\t\t<i aria-hidden=\"true\" class=\"fab fa-whatsapp\"><\/i>\t\t\t\t\t<\/a>\n\t\t\t\t<\/span>\n\t\t\t\t\t\t\t<span class=\"elementor-grid-item\" role=\"listitem\">\n\t\t\t\t\t<a class=\"elementor-icon elementor-social-icon elementor-social-icon-youtube elementor-repeater-item-3682b4b\" href=\"https:\/\/www.youtube.com\/espolcultural\" target=\"_blank\">\n\t\t\t\t\t\t<span class=\"elementor-screen-only\">Youtube<\/span>\n\t\t\t\t\t\t<i aria-hidden=\"true\" class=\"fab fa-youtube\"><\/i>\t\t\t\t\t<\/a>\n\t\t\t\t<\/span>\n\t\t\t\t\t\t\t<span class=\"elementor-grid-item\" role=\"listitem\">\n\t\t\t\t\t<a class=\"elementor-icon elementor-social-icon elementor-social-icon-envelope elementor-repeater-item-4fb3efa\" href=\"http:\/\/cultura@espol.edu.ec\" target=\"_blank\">\n\t\t\t\t\t\t<span class=\"elementor-screen-only\">Envelope<\/span>\n\t\t\t\t\t\t<i aria-hidden=\"true\" class=\"fas fa-envelope\"><\/i>\t\t\t\t\t<\/a>\n\t\t\t\t<\/span>\n\t\t\t\t\t<\/div>\n\t\t\t\t\t\t<\/div>\n\t\t\t\t<\/div>\n\t\t\t\t\t<\/div>\n\t\t<\/div>\n\t\t\t\t\t<\/div>\n\t\t<\/section>\n\t\t\t\t<\/div>\n\t\t","protected":false},"excerpt":{"rendered":"<p>Nombre: E-mail: Mensaje: Send your message CONTACTO +593 96 201 2531 CORREO cultura@espol.edu.ec PRODUCCI\u00d3N Lcda. Alina Narcisa Su\u00e1rez Ja\u00e9n Productora Ejecutiva alisjaen@espol.edu.ec \u00a0 \u00a0Lcdo. David Alejandro Sellers Cantos Productor de Sonido daseller@espol.edu.ec \u00a0 Psic. Alexandra Monserrate Arteaga Gonz\u00e1lez Asistente Ejecutiva aarteaga@espol.edu.ec \u00a0 Lcda. Carol Vanessa Villao Martillo Gestora de P\u00fablicos cvillao@espol.edu.ec \u00a0 Lcdo. Walter Guillermo [&hellip;]<\/p>\n","protected":false},"author":1,"featured_media":0,"parent":0,"menu_order":0,"comment_status":"closed","ping_status":"closed","template":"","meta":{"_uag_custom_page_level_css":"","site-sidebar-layout":"no-sidebar","site-content-layout":"page-builder","ast-site-content-layout":"default","site-content-style":"default","site-sidebar-style":"default","ast-global-header-display":"","ast-banner-title-visibility":"","ast-main-header-display":"","ast-hfb-above-header-display":"","ast-hfb-below-header-display":"","ast-hfb-mobile-header-display":"","site-post-title":"disabled","ast-breadcrumbs-content":"","ast-featured-img":"disabled","footer-sml-layout":"","theme-transparent-header-meta":"default","adv-header-id-meta":"","stick-header-meta":"","header-above-stick-meta":"","header-main-stick-meta":"","header-below-stick-meta":"","astra-migrate-meta-layouts":"default","ast-page-background-enabled":"default","ast-page-background-meta":{"desktop":{"background-color":"var(--ast-global-color-4)","background-image":"","background-repeat":"repeat","background-position":"center center","background-size":"auto","background-attachment":"scroll","background-type":"","background-media":"","overlay-type":"","overlay-color":"","overlay-opacity":"","overlay-gradient":""},"tablet":{"background-color":"","background-image":"","background-repeat":"repeat","background-position":"center center","background-size":"auto","background-attachment":"scroll","background-type":"","background-media":"","overlay-type":"","overlay-color":"","overlay-opacity":"","overlay-gradient":""},"mobile":{"background-color":"","background-image":"","background-repeat":"repeat","background-position":"center center","background-size":"auto","background-attachment":"scroll","background-type":"","background-media":"","overlay-type":"","overlay-color":"","overlay-opacity":"","overlay-gradient":""}},"ast-content-background-meta":{"desktop":{"background-color":"var(--ast-global-color-5)","background-image":"","background-repeat":"repeat","background-position":"center center","background-size":"auto","background-attachment":"scroll","background-type":"","background-media":"","overlay-type":"","overlay-color":"","overlay-opacity":"","overlay-gradient":""},"tablet":{"background-color":"var(--ast-global-color-5)","background-image":"","background-repeat":"repeat","background-position":"center center","background-size":"auto","background-attachment":"scroll","background-type":"","background-media":"","overlay-type":"","overlay-color":"","overlay-opacity":"","overlay-gradient":""},"mobile":{"background-color":"var(--ast-global-color-5)","background-image":"","background-repeat":"repeat","background-position":"center center","background-size":"auto","background-attachment":"scroll","background-type":"","background-media":"","overlay-type":"","overlay-color":"","overlay-opacity":"","overlay-gradient":""}},"footnotes":""},"class_list":["post-977","page","type-page","status-publish","hentry"],"uagb_featured_image_src":{"full":false,"thumbnail":false,"medium":false,"medium_large":false,"large":false,"1536x1536":false,"2048x2048":false},"uagb_author_info":{"display_name":"festadmin","author_link":"https:\/\/festivales.espol.edu.ec\/cineespolfest\/author\/festadmin\/"},"uagb_comment_info":0,"uagb_excerpt":"Nombre: E-mail: Mensaje: Send your message CONTACTO +593 96 201 2531 CORREO cultura@espol.edu.ec PRODUCCI\u00d3N Lcda. Alina Narcisa Su\u00e1rez Ja\u00e9n Productora Ejecutiva alisjaen@espol.edu.ec \u00a0 \u00a0Lcdo. David Alejandro Sellers Cantos Productor de Sonido daseller@espol.edu.ec \u00a0 Psic. Alexandra Monserrate Arteaga Gonz\u00e1lez Asistente Ejecutiva aarteaga@espol.edu.ec \u00a0 Lcda. Carol Vanessa Villao Martillo Gestora de P\u00fablicos cvillao@espol.edu.ec \u00a0 Lcdo. Walter Guillermo&hellip;","_links":{"self":[{"href":"https:\/\/festivales.espol.edu.ec\/cineespolfest\/wp-json\/wp\/v2\/pages\/977","targetHints":{"allow":["GET"]}}],"collection":[{"href":"https:\/\/festivales.espol.edu.ec\/cineespolfest\/wp-json\/wp\/v2\/pages"}],"about":[{"href":"https:\/\/festivales.espol.edu.ec\/cineespolfest\/wp-json\/wp\/v2\/types\/page"}],"author":[{"embeddable":true,"href":"https:\/\/festivales.espol.edu.ec\/cineespolfest\/wp-json\/wp\/v2\/users\/1"}],"replies":[{"embeddable":true,"href":"https:\/\/festivales.espol.edu.ec\/cineespolfest\/wp-json\/wp\/v2\/comments?post=977"}],"version-history":[{"count":60,"href":"https:\/\/festivales.espol.edu.ec\/cineespolfest\/wp-json\/wp\/v2\/pages\/977\/revisions"}],"predecessor-version":[{"id":2730,"href":"https:\/\/festivales.espol.edu.ec\/cineespolfest\/wp-json\/wp\/v2\/pages\/977\/revisions\/2730"}],"wp:attachment":[{"href":"https:\/\/festivales.espol.edu.ec\/cineespolfest\/wp-json\/wp\/v2\/media?parent=977"}],"curies":[{"name":"wp","href":"https:\/\/api.w.org\/{rel}","templated":true}]}}