{"id":2692,"date":"2023-05-12T16:43:50","date_gmt":"2023-05-12T21:43:50","guid":{"rendered":"http:\/\/festivales.espol.edu.ec\/cineespolfest\/cineespolfest\/?page_id=2692"},"modified":"2023-05-12T19:13:12","modified_gmt":"2023-05-13T00:13:12","slug":"home-2","status":"publish","type":"page","link":"https:\/\/festivales.espol.edu.ec\/cineespolfest\/home\/home-2\/","title":{"rendered":"Home"},"content":{"rendered":"<figure><img decoding=\"async\" src=\"http:\/\/festivales.espol.edu.ec\/cineespolfest\/cineespolfest\/wp-content\/uploads\/2023\/04\/ESPOL-CULTURAL-CONCURSO-DE-MAQUETASH.jpg\" alt=\"ESPOL-CULTURAL---CONCURSO-DE-MAQUETAS(H)\"><\/figure>\n<figure><img decoding=\"async\" src=\"http:\/\/festivales.espol.edu.ec\/cineespolfest\/cineespolfest\/wp-content\/uploads\/2023\/04\/1-1.png\" alt=\"1\"><\/figure>\n<figure><img decoding=\"async\" src=\"http:\/\/festivales.espol.edu.ec\/cineespolfest\/cineespolfest\/wp-content\/uploads\/2021\/04\/pasaport.jpg\" alt=\"pasaport\"><\/figure>\n<p>Anterior<br \/>\nSiguiente<br \/>\n<a href=\"https:\/\/forms.office.com\/r\/vV7Uw9gRec\" role=\"button\"><br \/>\nREGISTRA TU OBRA<br \/>\n<\/a><\/p>\n<figure class=\"gallery-item\">\n\t\t\t\t<a data-elementor-open-lightbox=\"yes\" data-elementor-lightbox-slideshow=\"6ce70d1\" data-elementor-lightbox-title=\"27\" e-action-hash=\"#elementor-action%3Aaction%3Dlightbox%26settings%3DeyJpZCI6MjU0NiwidXJsIjoiaHR0cDpcL1wvZmVzdGl2YWxlcy5lc3BvbC5lZHUuZWNcL2NpbmVlc3BvbGZlc3RcL3dwLWNvbnRlbnRcL3VwbG9hZHNcLzIwMjNcLzA0XC8yNy5qcGciLCJzbGlkZXNob3ciOiI2Y2U3MGQxIn0%3D\" href=\"http:\/\/festivales.espol.edu.ec\/cineespolfest\/cineespolfest\/wp-content\/uploads\/2023\/04\/27.jpg\"><img loading=\"lazy\" width=\"768\" height=\"432\" src=\"http:\/\/festivales.espol.edu.ec\/cineespolfest\/cineespolfest\/wp-content\/uploads\/2023\/04\/27-768x432.jpg\" alt=\"\" decoding=\"async\" loading=\"lazy\" srcset=\"http:\/\/festivales.espol.edu.ec\/cineespolfest\/cineespolfest\/wp-content\/uploads\/2023\/04\/27-768x432.jpg 768w, http:\/\/festivales.espol.edu.ec\/cineespolfest\/cineespolfest\/wp-content\/uploads\/2023\/04\/27-300x169.jpg 300w, http:\/\/festivales.espol.edu.ec\/cineespolfest\/cineespolfest\/wp-content\/uploads\/2023\/04\/27-1024x576.jpg 1024w, http:\/\/festivales.espol.edu.ec\/cineespolfest\/cineespolfest\/wp-content\/uploads\/2023\/04\/27-1536x864.jpg 1536w, http:\/\/festivales.espol.edu.ec\/cineespolfest\/cineespolfest\/wp-content\/uploads\/2023\/04\/27.jpg 1920w\" sizes=\"auto, (max-width: 768px) 100vw, 768px\"><\/a><\/figure>\n<figure class=\"gallery-item\">\n\t\t\t\t<a data-elementor-open-lightbox=\"yes\" data-elementor-lightbox-slideshow=\"6ce70d1\" data-elementor-lightbox-title=\"26\" e-action-hash=\"#elementor-action%3Aaction%3Dlightbox%26settings%3DeyJpZCI6MjU0NSwidXJsIjoiaHR0cDpcL1wvZmVzdGl2YWxlcy5lc3BvbC5lZHUuZWNcL2NpbmVlc3BvbGZlc3RcL3dwLWNvbnRlbnRcL3VwbG9hZHNcLzIwMjNcLzA0XC8yNi5qcGciLCJzbGlkZXNob3ciOiI2Y2U3MGQxIn0%3D\" href=\"http:\/\/festivales.espol.edu.ec\/cineespolfest\/cineespolfest\/wp-content\/uploads\/2023\/04\/26.jpg\"><img loading=\"lazy\" width=\"768\" height=\"432\" src=\"http:\/\/festivales.espol.edu.ec\/cineespolfest\/cineespolfest\/wp-content\/uploads\/2023\/04\/26-768x432.jpg\" alt=\"\" decoding=\"async\" loading=\"lazy\" srcset=\"http:\/\/festivales.espol.edu.ec\/cineespolfest\/cineespolfest\/wp-content\/uploads\/2023\/04\/26-768x432.jpg 768w, http:\/\/festivales.espol.edu.ec\/cineespolfest\/cineespolfest\/wp-content\/uploads\/2023\/04\/26-300x169.jpg 300w, http:\/\/festivales.espol.edu.ec\/cineespolfest\/cineespolfest\/wp-content\/uploads\/2023\/04\/26-1024x576.jpg 1024w, http:\/\/festivales.espol.edu.ec\/cineespolfest\/cineespolfest\/wp-content\/uploads\/2023\/04\/26-1536x864.jpg 1536w, http:\/\/festivales.espol.edu.ec\/cineespolfest\/cineespolfest\/wp-content\/uploads\/2023\/04\/26.jpg 1920w\" sizes=\"auto, (max-width: 768px) 100vw, 768px\"><\/a><\/figure>\n<figure class=\"gallery-item\">\n\t\t\t\t<a data-elementor-open-lightbox=\"yes\" data-elementor-lightbox-slideshow=\"6ce70d1\" data-elementor-lightbox-title=\"25\" e-action-hash=\"#elementor-action%3Aaction%3Dlightbox%26settings%3DeyJpZCI6MjU0NCwidXJsIjoiaHR0cDpcL1wvZmVzdGl2YWxlcy5lc3BvbC5lZHUuZWNcL2NpbmVlc3BvbGZlc3RcL3dwLWNvbnRlbnRcL3VwbG9hZHNcLzIwMjNcLzA0XC8yNS5qcGciLCJzbGlkZXNob3ciOiI2Y2U3MGQxIn0%3D\" href=\"http:\/\/festivales.espol.edu.ec\/cineespolfest\/cineespolfest\/wp-content\/uploads\/2023\/04\/25.jpg\"><img loading=\"lazy\" width=\"768\" height=\"432\" src=\"http:\/\/festivales.espol.edu.ec\/cineespolfest\/cineespolfest\/wp-content\/uploads\/2023\/04\/25-768x432.jpg\" alt=\"\" decoding=\"async\" loading=\"lazy\" srcset=\"http:\/\/festivales.espol.edu.ec\/cineespolfest\/cineespolfest\/wp-content\/uploads\/2023\/04\/25-768x432.jpg 768w, http:\/\/festivales.espol.edu.ec\/cineespolfest\/cineespolfest\/wp-content\/uploads\/2023\/04\/25-300x169.jpg 300w, http:\/\/festivales.espol.edu.ec\/cineespolfest\/cineespolfest\/wp-content\/uploads\/2023\/04\/25-1024x576.jpg 1024w, http:\/\/festivales.espol.edu.ec\/cineespolfest\/cineespolfest\/wp-content\/uploads\/2023\/04\/25-1536x864.jpg 1536w, http:\/\/festivales.espol.edu.ec\/cineespolfest\/cineespolfest\/wp-content\/uploads\/2023\/04\/25.jpg 1920w\" sizes=\"auto, (max-width: 768px) 100vw, 768px\"><\/a><\/figure>\n<figure class=\"gallery-item\">\n\t\t\t\t<a data-elementor-open-lightbox=\"yes\" data-elementor-lightbox-slideshow=\"6ce70d1\" data-elementor-lightbox-title=\"24\" e-action-hash=\"#elementor-action%3Aaction%3Dlightbox%26settings%3DeyJpZCI6MjU0MywidXJsIjoiaHR0cDpcL1wvZmVzdGl2YWxlcy5lc3BvbC5lZHUuZWNcL2NpbmVlc3BvbGZlc3RcL3dwLWNvbnRlbnRcL3VwbG9hZHNcLzIwMjNcLzA0XC8yNC5qcGciLCJzbGlkZXNob3ciOiI2Y2U3MGQxIn0%3D\" href=\"http:\/\/festivales.espol.edu.ec\/cineespolfest\/cineespolfest\/wp-content\/uploads\/2023\/04\/24.jpg\"><img loading=\"lazy\" width=\"768\" height=\"432\" src=\"http:\/\/festivales.espol.edu.ec\/cineespolfest\/cineespolfest\/wp-content\/uploads\/2023\/04\/24-768x432.jpg\" alt=\"\" decoding=\"async\" loading=\"lazy\" srcset=\"http:\/\/festivales.espol.edu.ec\/cineespolfest\/cineespolfest\/wp-content\/uploads\/2023\/04\/24-768x432.jpg 768w, http:\/\/festivales.espol.edu.ec\/cineespolfest\/cineespolfest\/wp-content\/uploads\/2023\/04\/24-300x169.jpg 300w, http:\/\/festivales.espol.edu.ec\/cineespolfest\/cineespolfest\/wp-content\/uploads\/2023\/04\/24-1024x576.jpg 1024w, http:\/\/festivales.espol.edu.ec\/cineespolfest\/cineespolfest\/wp-content\/uploads\/2023\/04\/24-1536x864.jpg 1536w, http:\/\/festivales.espol.edu.ec\/cineespolfest\/cineespolfest\/wp-content\/uploads\/2023\/04\/24.jpg 1920w\" sizes=\"auto, (max-width: 768px) 100vw, 768px\"><\/a><\/figure>\n<figure class=\"gallery-item\">\n\t\t\t\t<a data-elementor-open-lightbox=\"yes\" data-elementor-lightbox-slideshow=\"6ce70d1\" data-elementor-lightbox-title=\"23\" e-action-hash=\"#elementor-action%3Aaction%3Dlightbox%26settings%3DeyJpZCI6MjU0MiwidXJsIjoiaHR0cDpcL1wvZmVzdGl2YWxlcy5lc3BvbC5lZHUuZWNcL2NpbmVlc3BvbGZlc3RcL3dwLWNvbnRlbnRcL3VwbG9hZHNcLzIwMjNcLzA0XC8yMy5qcGciLCJzbGlkZXNob3ciOiI2Y2U3MGQxIn0%3D\" href=\"http:\/\/festivales.espol.edu.ec\/cineespolfest\/cineespolfest\/wp-content\/uploads\/2023\/04\/23.jpg\"><img loading=\"lazy\" width=\"768\" height=\"432\" src=\"http:\/\/festivales.espol.edu.ec\/cineespolfest\/cineespolfest\/wp-content\/uploads\/2023\/04\/23-768x432.jpg\" alt=\"\" decoding=\"async\" loading=\"lazy\" srcset=\"http:\/\/festivales.espol.edu.ec\/cineespolfest\/cineespolfest\/wp-content\/uploads\/2023\/04\/23-768x432.jpg 768w, http:\/\/festivales.espol.edu.ec\/cineespolfest\/cineespolfest\/wp-content\/uploads\/2023\/04\/23-300x169.jpg 300w, http:\/\/festivales.espol.edu.ec\/cineespolfest\/cineespolfest\/wp-content\/uploads\/2023\/04\/23-1024x576.jpg 1024w, http:\/\/festivales.espol.edu.ec\/cineespolfest\/cineespolfest\/wp-content\/uploads\/2023\/04\/23-1536x864.jpg 1536w, http:\/\/festivales.espol.edu.ec\/cineespolfest\/cineespolfest\/wp-content\/uploads\/2023\/04\/23.jpg 1920w\" sizes=\"auto, (max-width: 768px) 100vw, 768px\"><\/a><\/figure>\n<figure class=\"gallery-item\">\n\t\t\t\t<a data-elementor-open-lightbox=\"yes\" data-elementor-lightbox-slideshow=\"6ce70d1\" data-elementor-lightbox-title=\"22\" e-action-hash=\"#elementor-action%3Aaction%3Dlightbox%26settings%3DeyJpZCI6MjU0MSwidXJsIjoiaHR0cDpcL1wvZmVzdGl2YWxlcy5lc3BvbC5lZHUuZWNcL2NpbmVlc3BvbGZlc3RcL3dwLWNvbnRlbnRcL3VwbG9hZHNcLzIwMjNcLzA0XC8yMi5qcGciLCJzbGlkZXNob3ciOiI2Y2U3MGQxIn0%3D\" href=\"http:\/\/festivales.espol.edu.ec\/cineespolfest\/cineespolfest\/wp-content\/uploads\/2023\/04\/22.jpg\"><img loading=\"lazy\" width=\"768\" height=\"432\" src=\"http:\/\/festivales.espol.edu.ec\/cineespolfest\/cineespolfest\/wp-content\/uploads\/2023\/04\/22-768x432.jpg\" alt=\"\" decoding=\"async\" loading=\"lazy\" srcset=\"http:\/\/festivales.espol.edu.ec\/cineespolfest\/cineespolfest\/wp-content\/uploads\/2023\/04\/22-768x432.jpg 768w, http:\/\/festivales.espol.edu.ec\/cineespolfest\/cineespolfest\/wp-content\/uploads\/2023\/04\/22-300x169.jpg 300w, http:\/\/festivales.espol.edu.ec\/cineespolfest\/cineespolfest\/wp-content\/uploads\/2023\/04\/22-1024x576.jpg 1024w, http:\/\/festivales.espol.edu.ec\/cineespolfest\/cineespolfest\/wp-content\/uploads\/2023\/04\/22-1536x864.jpg 1536w, http:\/\/festivales.espol.edu.ec\/cineespolfest\/cineespolfest\/wp-content\/uploads\/2023\/04\/22.jpg 1920w\" sizes=\"auto, (max-width: 768px) 100vw, 768px\"><\/a><\/figure>\n<h5>Este espacio audiovisual se implement\u00f3 en el a\u00f1o 2018 como Festival de Audiovisuales Universitarios VISTA PREVIA debido a la necesidad de contribuir con la visibilizaci\u00f3n del material producido por las universidades e institutos acad\u00e9micos, para fomentar la oferta educativa dentro de la industria. Por su cuarta edici\u00f3n, se ha realizado una re-estructuraci\u00f3n visual y de concepto que se enfoca en algunos ODS, con la intenci\u00f3n de crear una participaci\u00f3n a trav\u00e9s de una sinergia multidisciplinar cinematogr\u00e1fica para la educaci\u00f3n; incluyendo al Centro de Investigaci\u00f3n Marina y Acu\u00edcola &#8211; CENAIM y ESPOL Divulga -proyecto de divulgaci\u00f3n cient\u00edfica del Vicerrectorado de Investigaci\u00f3n, Desarrollo e Innovaci\u00f3n (I+D+i)-.<\/h5>\n<p><a href=\"https:\/\/www.instagram.com\/p\/CrcGcz1vtQ_\/\"><br \/>\n<img loading=\"lazy\" decoding=\"async\" width=\"960\" height=\"960\" src=\"http:\/\/festivales.espol.edu.ec\/cineespolfest\/cineespolfest\/wp-content\/uploads\/2023\/05\/342900463_648002850671303_3405238417915813406_n-2.jpg\" alt=\"\" loading=\"lazy\" srcset=\"http:\/\/festivales.espol.edu.ec\/cineespolfest\/cineespolfest\/wp-content\/uploads\/2023\/05\/342900463_648002850671303_3405238417915813406_n-2.jpg 960w, http:\/\/festivales.espol.edu.ec\/cineespolfest\/cineespolfest\/wp-content\/uploads\/2023\/05\/342900463_648002850671303_3405238417915813406_n-2-300x300.jpg 300w, http:\/\/festivales.espol.edu.ec\/cineespolfest\/cineespolfest\/wp-content\/uploads\/2023\/05\/342900463_648002850671303_3405238417915813406_n-2-150x150.jpg 150w, http:\/\/festivales.espol.edu.ec\/cineespolfest\/cineespolfest\/wp-content\/uploads\/2023\/05\/342900463_648002850671303_3405238417915813406_n-2-768x768.jpg 768w\" sizes=\"auto, (max-width: 960px) 100vw, 960px\">\t\t\t\t\t\t\t\t<\/a><br \/>\n<a href=\"https:\/\/www.instagram.com\/p\/CrUckCOs5tU\/\"><br \/>\n<img loading=\"lazy\" decoding=\"async\" width=\"1024\" height=\"1024\" src=\"http:\/\/festivales.espol.edu.ec\/cineespolfest\/cineespolfest\/wp-content\/uploads\/2023\/05\/342553975_931686818039381_5412827233485168454_n-1024x1024.jpg\" alt=\"\" loading=\"lazy\" srcset=\"http:\/\/festivales.espol.edu.ec\/cineespolfest\/cineespolfest\/wp-content\/uploads\/2023\/05\/342553975_931686818039381_5412827233485168454_n-1024x1024.jpg 1024w, http:\/\/festivales.espol.edu.ec\/cineespolfest\/cineespolfest\/wp-content\/uploads\/2023\/05\/342553975_931686818039381_5412827233485168454_n-300x300.jpg 300w, http:\/\/festivales.espol.edu.ec\/cineespolfest\/cineespolfest\/wp-content\/uploads\/2023\/05\/342553975_931686818039381_5412827233485168454_n-150x150.jpg 150w, http:\/\/festivales.espol.edu.ec\/cineespolfest\/cineespolfest\/wp-content\/uploads\/2023\/05\/342553975_931686818039381_5412827233485168454_n-768x768.jpg 768w, http:\/\/festivales.espol.edu.ec\/cineespolfest\/cineespolfest\/wp-content\/uploads\/2023\/05\/342553975_931686818039381_5412827233485168454_n.jpg 1080w\" sizes=\"auto, (max-width: 1024px) 100vw, 1024px\">\t\t\t\t\t\t\t\t<\/a><\/p>\n<figure><img decoding=\"async\" src=\"http:\/\/festivales.espol.edu.ec\/cineespolfest\/cineespolfest\/wp-content\/uploads\/2023\/04\/3.jpg\" alt=\"3\"><\/figure>\n<figure><img decoding=\"async\" src=\"http:\/\/festivales.espol.edu.ec\/cineespolfest\/cineespolfest\/wp-content\/uploads\/2023\/04\/5.jpg\" alt=\"5\"><\/figure>\n<figure><img decoding=\"async\" src=\"http:\/\/festivales.espol.edu.ec\/cineespolfest\/cineespolfest\/wp-content\/uploads\/2023\/04\/301.jpg\" alt=\"301\"><\/figure>\n<figure><img decoding=\"async\" src=\"http:\/\/festivales.espol.edu.ec\/cineespolfest\/cineespolfest\/wp-content\/uploads\/2023\/04\/6.jpg\" alt=\"6\"><\/figure>\n<figure><img decoding=\"async\" src=\"http:\/\/festivales.espol.edu.ec\/cineespolfest\/cineespolfest\/wp-content\/uploads\/2023\/04\/302.jpg\" alt=\"302\"><\/figure>\n<figure><img decoding=\"async\" src=\"http:\/\/festivales.espol.edu.ec\/cineespolfest\/cineespolfest\/wp-content\/uploads\/2023\/04\/7.jpg\" alt=\"7\"><\/figure>\n<figure><img decoding=\"async\" src=\"http:\/\/festivales.espol.edu.ec\/cineespolfest\/cineespolfest\/wp-content\/uploads\/2023\/04\/303.jpg\" alt=\"303\"><\/figure>\n<p><a href=\"https:\/\/www.facebook.com\/espolcultural\/\" target=\"_blank\" rel=\"noopener\"><br \/>\nFacebook<br \/>\n<\/a><br \/>\n<a href=\"https:\/\/www.instagram.com\/espolcultural\/\" target=\"_blank\" rel=\"noopener\"><br \/>\nInstagram<br \/>\n<\/a><br \/>\n<a href=\"https:\/\/wa.link\/ywe7hb\" target=\"_blank\" rel=\"noopener\"><br \/>\nWhatsapp<br \/>\n<\/a><br \/>\n<a href=\"https:\/\/www.youtube.com\/espolcultural\" target=\"_blank\" rel=\"noopener\"><br \/>\nYoutube<br \/>\n<\/a><br \/>\n<a href=\"http:\/\/cultura@espol.edu.ec\" target=\"_blank\" rel=\"noopener\"><br \/>\nEnvelope<br \/>\n<\/a><\/p>\n","protected":false},"excerpt":{"rendered":"<p>Anterior Siguiente REGISTRA TU OBRA Este espacio audiovisual se implement\u00f3 en el a\u00f1o 2018 como Festival de Audiovisuales Universitarios VISTA PREVIA debido a la necesidad de contribuir con la visibilizaci\u00f3n del material producido por las universidades e institutos acad\u00e9micos, para fomentar la oferta educativa dentro de la industria. Por su cuarta edici\u00f3n, se ha realizado [&hellip;]<\/p>\n","protected":false},"author":816,"featured_media":0,"parent":5,"menu_order":0,"comment_status":"closed","ping_status":"closed","template":"","meta":{"_uag_custom_page_level_css":"","site-sidebar-layout":"no-sidebar","site-content-layout":"page-builder","ast-site-content-layout":"default","site-content-style":"default","site-sidebar-style":"default","ast-global-header-display":"","ast-banner-title-visibility":"","ast-main-header-display":"","ast-hfb-above-header-display":"","ast-hfb-below-header-display":"","ast-hfb-mobile-header-display":"","site-post-title":"disabled","ast-breadcrumbs-content":"","ast-featured-img":"disabled","footer-sml-layout":"","theme-transparent-header-meta":"default","adv-header-id-meta":"","stick-header-meta":"","header-above-stick-meta":"","header-main-stick-meta":"","header-below-stick-meta":"","astra-migrate-meta-layouts":"default","ast-page-background-enabled":"default","ast-page-background-meta":{"desktop":{"background-color":"var(--ast-global-color-4)","background-image":"","background-repeat":"repeat","background-position":"center center","background-size":"auto","background-attachment":"scroll","background-type":"","background-media":"","overlay-type":"","overlay-color":"","overlay-opacity":"","overlay-gradient":""},"tablet":{"background-color":"","background-image":"","background-repeat":"repeat","background-position":"center center","background-size":"auto","background-attachment":"scroll","background-type":"","background-media":"","overlay-type":"","overlay-color":"","overlay-opacity":"","overlay-gradient":""},"mobile":{"background-color":"","background-image":"","background-repeat":"repeat","background-position":"center center","background-size":"auto","background-attachment":"scroll","background-type":"","background-media":"","overlay-type":"","overlay-color":"","overlay-opacity":"","overlay-gradient":""}},"ast-content-background-meta":{"desktop":{"background-color":"var(--ast-global-color-5)","background-image":"","background-repeat":"repeat","background-position":"center center","background-size":"auto","background-attachment":"scroll","background-type":"","background-media":"","overlay-type":"","overlay-color":"","overlay-opacity":"","overlay-gradient":""},"tablet":{"background-color":"var(--ast-global-color-5)","background-image":"","background-repeat":"repeat","background-position":"center center","background-size":"auto","background-attachment":"scroll","background-type":"","background-media":"","overlay-type":"","overlay-color":"","overlay-opacity":"","overlay-gradient":""},"mobile":{"background-color":"var(--ast-global-color-5)","background-image":"","background-repeat":"repeat","background-position":"center center","background-size":"auto","background-attachment":"scroll","background-type":"","background-media":"","overlay-type":"","overlay-color":"","overlay-opacity":"","overlay-gradient":""}},"footnotes":""},"class_list":["post-2692","page","type-page","status-publish","hentry"],"uagb_featured_image_src":{"full":false,"thumbnail":false,"medium":false,"medium_large":false,"large":false,"1536x1536":false,"2048x2048":false},"uagb_author_info":{"display_name":"Blanca Santos","author_link":"https:\/\/festivales.espol.edu.ec\/cineespolfest\/author\/bsantos\/"},"uagb_comment_info":0,"uagb_excerpt":"Anterior Siguiente REGISTRA TU OBRA Este espacio audiovisual se implement\u00f3 en el a\u00f1o 2018 como Festival de Audiovisuales Universitarios VISTA PREVIA debido a la necesidad de contribuir con la visibilizaci\u00f3n del material producido por las universidades e institutos acad\u00e9micos, para fomentar la oferta educativa dentro de la industria. Por su cuarta edici\u00f3n, se ha realizado&hellip;","_links":{"self":[{"href":"https:\/\/festivales.espol.edu.ec\/cineespolfest\/wp-json\/wp\/v2\/pages\/2692","targetHints":{"allow":["GET"]}}],"collection":[{"href":"https:\/\/festivales.espol.edu.ec\/cineespolfest\/wp-json\/wp\/v2\/pages"}],"about":[{"href":"https:\/\/festivales.espol.edu.ec\/cineespolfest\/wp-json\/wp\/v2\/types\/page"}],"author":[{"embeddable":true,"href":"https:\/\/festivales.espol.edu.ec\/cineespolfest\/wp-json\/wp\/v2\/users\/816"}],"replies":[{"embeddable":true,"href":"https:\/\/festivales.espol.edu.ec\/cineespolfest\/wp-json\/wp\/v2\/comments?post=2692"}],"version-history":[{"count":7,"href":"https:\/\/festivales.espol.edu.ec\/cineespolfest\/wp-json\/wp\/v2\/pages\/2692\/revisions"}],"predecessor-version":[{"id":2785,"href":"https:\/\/festivales.espol.edu.ec\/cineespolfest\/wp-json\/wp\/v2\/pages\/2692\/revisions\/2785"}],"up":[{"embeddable":true,"href":"https:\/\/festivales.espol.edu.ec\/cineespolfest\/wp-json\/wp\/v2\/pages\/5"}],"wp:attachment":[{"href":"https:\/\/festivales.espol.edu.ec\/cineespolfest\/wp-json\/wp\/v2\/media?parent=2692"}],"curies":[{"name":"wp","href":"https:\/\/api.w.org\/{rel}","templated":true}]}}